{"id":15850,"date":"2022-01-14T12:33:30","date_gmt":"2022-01-14T10:33:30","guid":{"rendered":"https:\/\/captainyannis.com\/epanek-2\/"},"modified":"2023-06-14T21:12:09","modified_gmt":"2023-06-14T18:12:09","slug":"epanek-2","status":"publish","type":"page","link":"https:\/\/captainyannis.com\/fr\/epanek-2\/","title":{"rendered":"EPANEK"},"content":{"rendered":"<div class=\"fusion-fullwidth fullwidth-box fusion-builder-row-1 fusion-flex-container nonhundred-percent-fullwidth non-hundred-percent-height-scrolling\" style=\"--awb-border-radius-top-left:0px;--awb-border-radius-top-right:0px;--awb-border-radius-bottom-right:0px;--awb-border-radius-bottom-left:0px;--awb-flex-wrap:wrap;\" ><div class=\"fusion-builder-row fusion-row fusion-flex-align-items-flex-start fusion-flex-content-wrap\" style=\"max-width:1216.8px;margin-left: calc(-4% \/ 2 );margin-right: calc(-4% \/ 2 );\"><div class=\"fusion-layout-column fusion_builder_column fusion-builder-column-0 fusion_builder_column_1_1 1_1 fusion-flex-column\" style=\"--awb-bg-size:cover;--awb-width-large:100%;--awb-margin-top-large:0px;--awb-spacing-right-large:1.92%;--awb-margin-bottom-large:20px;--awb-spacing-left-large:1.92%;--awb-width-medium:100%;--awb-order-medium:0;--awb-spacing-right-medium:1.92%;--awb-spacing-left-medium:1.92%;--awb-width-small:100%;--awb-order-small:0;--awb-spacing-right-small:1.92%;--awb-spacing-left-small:1.92%;\"><div class=\"fusion-column-wrapper fusion-column-has-shadow fusion-flex-justify-content-flex-start fusion-content-layout-column\"><div class=\"fusion-title title fusion-title-1 fusion-title-text fusion-title-size-three\" style=\"--awb-margin-top-small:0px;--awb-margin-right-small:0px;--awb-margin-bottom-small:20px;--awb-margin-left-small:0px;\"><div class=\"title-sep-container title-sep-container-left fusion-no-large-visibility fusion-no-medium-visibility fusion-no-small-visibility\"><div class=\"title-sep sep- sep-solid\" style=\"border-color:#e0dede;\"><\/div><\/div><span class=\"awb-title-spacer fusion-no-large-visibility fusion-no-medium-visibility fusion-no-small-visibility\"><\/span><h3 class=\"fusion-title-heading title-heading-left fusion-responsive-typography-calculated\" style=\"margin:0;--fontSize:22;--minFontSize:22;line-height:2;\">Financ\u00e9 par les Fonds structurels et d&rsquo;investissement europ\u00e9ens (ESIF) de l&rsquo;Union europ\u00e9enne<\/h3><span class=\"awb-title-spacer\"><\/span><div class=\"title-sep-container title-sep-container-right\"><div class=\"title-sep sep- sep-solid\" style=\"border-color:#e0dede;\"><\/div><\/div><\/div><div class=\"fusion-image-element \" style=\"--awb-caption-title-font-family:var(--h2_typography-font-family);--awb-caption-title-font-weight:var(--h2_typography-font-weight);--awb-caption-title-font-style:var(--h2_typography-font-style);--awb-caption-title-size:var(--h2_typography-font-size);--awb-caption-title-transform:var(--h2_typography-text-transform);--awb-caption-title-line-height:var(--h2_typography-line-height);--awb-caption-title-letter-spacing:var(--h2_typography-letter-spacing);\"><span class=\" fusion-imageframe imageframe-none imageframe-1 hover-type-none\"><img decoding=\"async\" width=\"1061\" height=\"1500\" title=\"Financed by the European Structural and Investment Funds (ESIF) of the European Union\" src=\"https:\/\/captainyannis.com\/wp-content\/uploads\/2022\/01\/Xatzigiannis.jpg\" alt class=\"img-responsive wp-image-15657\" srcset=\"https:\/\/captainyannis.com\/wp-content\/uploads\/2022\/01\/Xatzigiannis-200x283.jpg 200w, https:\/\/captainyannis.com\/wp-content\/uploads\/2022\/01\/Xatzigiannis-400x566.jpg 400w, https:\/\/captainyannis.com\/wp-content\/uploads\/2022\/01\/Xatzigiannis-600x848.jpg 600w, https:\/\/captainyannis.com\/wp-content\/uploads\/2022\/01\/Xatzigiannis-800x1131.jpg 800w, https:\/\/captainyannis.com\/wp-content\/uploads\/2022\/01\/Xatzigiannis.jpg 1061w\" sizes=\"(max-width: 1024px) 100vw, (max-width: 640px) 100vw, 1061px\" \/><\/span><\/div><\/div><\/div><\/div><\/div>\n","protected":false},"excerpt":{"rendered":"","protected":false},"author":1,"featured_media":0,"parent":0,"menu_order":0,"comment_status":"closed","ping_status":"closed","template":"","meta":{"footnotes":""},"class_list":["post-15850","page","type-page","status-publish","hentry"],"yoast_head":"<!-- This site is optimized with the Yoast SEO plugin v27.3 - https:\/\/yoast.com\/product\/yoast-seo-wordpress\/ -->\n<title>EPANEK - Captain Yannis Sailing Trips<\/title>\n<meta name=\"description\" content=\"On Paros, one-day sailing trip on a traditional wooden boat \u201cka\u00efki\u201d, or in a luxurious catamaran sailing yacht- discover places of unique beauty and swim into crystal clear turquoise waters \u2013 only reached by boat.\" \/>\n<meta name=\"robots\" content=\"index, follow, max-snippet:-1, max-image-preview:large, max-video-preview:-1\" \/>\n<link rel=\"canonical\" href=\"https:\/\/captainyannis.com\/fr\/epanek-2\/\" \/>\n<meta property=\"og:locale\" content=\"fr_FR\" \/>\n<meta property=\"og:type\" content=\"article\" \/>\n<meta property=\"og:title\" content=\"EPANEK - Captain Yannis Sailing Trips\" \/>\n<meta property=\"og:description\" content=\"On Paros, one-day sailing trip on a traditional wooden boat \u201cka\u00efki\u201d, or in a luxurious catamaran sailing yacht- discover places of unique beauty and swim into crystal clear turquoise waters \u2013 only reached by boat.\" \/>\n<meta property=\"og:url\" content=\"https:\/\/captainyannis.com\/fr\/epanek-2\/\" \/>\n<meta property=\"og:site_name\" content=\"Captain Yannis Sailing Trips\" \/>\n<meta property=\"article:publisher\" content=\"https:\/\/www.facebook.com\/captainyannis\" \/>\n<meta property=\"article:modified_time\" content=\"2023-06-14T18:12:09+00:00\" \/>\n<meta property=\"og:image\" content=\"https:\/\/captainyannis.com\/wp-content\/uploads\/2021\/05\/kaiki-agios-georgios-og.jpg\" \/>\n\t<meta property=\"og:image:width\" content=\"1200\" \/>\n\t<meta property=\"og:image:height\" content=\"630\" \/>\n\t<meta property=\"og:image:type\" content=\"image\/jpeg\" \/>\n<meta name=\"twitter:card\" content=\"summary_large_image\" \/>\n<meta name=\"twitter:label1\" content=\"Dur\u00e9e de lecture estim\u00e9e\" \/>\n\t<meta name=\"twitter:data1\" content=\"5 minutes\" \/>\n<script type=\"application\/ld+json\" class=\"yoast-schema-graph\">{\"@context\":\"https:\\\/\\\/schema.org\",\"@graph\":[{\"@type\":\"WebPage\",\"@id\":\"https:\\\/\\\/captainyannis.com\\\/fr\\\/epanek-2\\\/\",\"url\":\"https:\\\/\\\/captainyannis.com\\\/fr\\\/epanek-2\\\/\",\"name\":\"EPANEK - Captain Yannis Sailing Trips\",\"isPartOf\":{\"@id\":\"https:\\\/\\\/captainyannis.com\\\/fr\\\/#website\"},\"datePublished\":\"2022-01-14T10:33:30+00:00\",\"dateModified\":\"2023-06-14T18:12:09+00:00\",\"description\":\"On Paros, one-day sailing trip on a traditional wooden boat \u201cka\u00efki\u201d, or in a luxurious catamaran sailing yacht- discover places of unique beauty and swim into crystal clear turquoise waters \u2013 only reached by boat.\",\"breadcrumb\":{\"@id\":\"https:\\\/\\\/captainyannis.com\\\/fr\\\/epanek-2\\\/#breadcrumb\"},\"inLanguage\":\"fr-FR\",\"potentialAction\":[{\"@type\":\"ReadAction\",\"target\":[\"https:\\\/\\\/captainyannis.com\\\/fr\\\/epanek-2\\\/\"]}]},{\"@type\":\"BreadcrumbList\",\"@id\":\"https:\\\/\\\/captainyannis.com\\\/fr\\\/epanek-2\\\/#breadcrumb\",\"itemListElement\":[{\"@type\":\"ListItem\",\"position\":1,\"name\":\"Captain Yannis\",\"item\":\"https:\\\/\\\/captainyannis.com\\\/fr\\\/paros-navigation-croisieres-du-captain-yannis\\\/\"},{\"@type\":\"ListItem\",\"position\":2,\"name\":\"EPANEK\"}]},{\"@type\":\"WebSite\",\"@id\":\"https:\\\/\\\/captainyannis.com\\\/fr\\\/#website\",\"url\":\"https:\\\/\\\/captainyannis.com\\\/fr\\\/\",\"name\":\"Captain Yannis Sailing Trips\",\"description\":\"One Day Sailin Trip in the Aegean sea\",\"publisher\":{\"@id\":\"https:\\\/\\\/captainyannis.com\\\/fr\\\/#organization\"},\"potentialAction\":[{\"@type\":\"SearchAction\",\"target\":{\"@type\":\"EntryPoint\",\"urlTemplate\":\"https:\\\/\\\/captainyannis.com\\\/fr\\\/?s={search_term_string}\"},\"query-input\":{\"@type\":\"PropertyValueSpecification\",\"valueRequired\":true,\"valueName\":\"search_term_string\"}}],\"inLanguage\":\"fr-FR\"},{\"@type\":\"Organization\",\"@id\":\"https:\\\/\\\/captainyannis.com\\\/fr\\\/#organization\",\"name\":\"Captain Yannis One-day Sailing Trips\",\"url\":\"https:\\\/\\\/captainyannis.com\\\/fr\\\/\",\"logo\":{\"@type\":\"ImageObject\",\"inLanguage\":\"fr-FR\",\"@id\":\"https:\\\/\\\/captainyannis.com\\\/fr\\\/#\\\/schema\\\/logo\\\/image\\\/\",\"url\":\"https:\\\/\\\/captainyannis.com\\\/wp-content\\\/uploads\\\/2021\\\/03\\\/captain-yannis-x2.png\",\"contentUrl\":\"https:\\\/\\\/captainyannis.com\\\/wp-content\\\/uploads\\\/2021\\\/03\\\/captain-yannis-x2.png\",\"width\":410,\"height\":120,\"caption\":\"Captain Yannis One-day Sailing Trips\"},\"image\":{\"@id\":\"https:\\\/\\\/captainyannis.com\\\/fr\\\/#\\\/schema\\\/logo\\\/image\\\/\"},\"sameAs\":[\"https:\\\/\\\/www.facebook.com\\\/captainyannis\",\"https:\\\/\\\/www.youtube.com\\\/channel\\\/UCm7BA-gavmre5snEYgvTVqQ\"]}]}<\/script>\n<!-- \/ Yoast SEO plugin. -->","yoast_head_json":{"title":"EPANEK - Captain Yannis Sailing Trips","description":"On Paros, one-day sailing trip on a traditional wooden boat \u201cka\u00efki\u201d, or in a luxurious catamaran sailing yacht- discover places of unique beauty and swim into crystal clear turquoise waters \u2013 only reached by boat.","robots":{"index":"index","follow":"follow","max-snippet":"max-snippet:-1","max-image-preview":"max-image-preview:large","max-video-preview":"max-video-preview:-1"},"canonical":"https:\/\/captainyannis.com\/fr\/epanek-2\/","og_locale":"fr_FR","og_type":"article","og_title":"EPANEK - Captain Yannis Sailing Trips","og_description":"On Paros, one-day sailing trip on a traditional wooden boat \u201cka\u00efki\u201d, or in a luxurious catamaran sailing yacht- discover places of unique beauty and swim into crystal clear turquoise waters \u2013 only reached by boat.","og_url":"https:\/\/captainyannis.com\/fr\/epanek-2\/","og_site_name":"Captain Yannis Sailing Trips","article_publisher":"https:\/\/www.facebook.com\/captainyannis","article_modified_time":"2023-06-14T18:12:09+00:00","og_image":[{"width":1200,"height":630,"url":"https:\/\/captainyannis.com\/wp-content\/uploads\/2021\/05\/kaiki-agios-georgios-og.jpg","type":"image\/jpeg"}],"twitter_card":"summary_large_image","twitter_misc":{"Dur\u00e9e de lecture estim\u00e9e":"5 minutes"},"schema":{"@context":"https:\/\/schema.org","@graph":[{"@type":"WebPage","@id":"https:\/\/captainyannis.com\/fr\/epanek-2\/","url":"https:\/\/captainyannis.com\/fr\/epanek-2\/","name":"EPANEK - Captain Yannis Sailing Trips","isPartOf":{"@id":"https:\/\/captainyannis.com\/fr\/#website"},"datePublished":"2022-01-14T10:33:30+00:00","dateModified":"2023-06-14T18:12:09+00:00","description":"On Paros, one-day sailing trip on a traditional wooden boat \u201cka\u00efki\u201d, or in a luxurious catamaran sailing yacht- discover places of unique beauty and swim into crystal clear turquoise waters \u2013 only reached by boat.","breadcrumb":{"@id":"https:\/\/captainyannis.com\/fr\/epanek-2\/#breadcrumb"},"inLanguage":"fr-FR","potentialAction":[{"@type":"ReadAction","target":["https:\/\/captainyannis.com\/fr\/epanek-2\/"]}]},{"@type":"BreadcrumbList","@id":"https:\/\/captainyannis.com\/fr\/epanek-2\/#breadcrumb","itemListElement":[{"@type":"ListItem","position":1,"name":"Captain Yannis","item":"https:\/\/captainyannis.com\/fr\/paros-navigation-croisieres-du-captain-yannis\/"},{"@type":"ListItem","position":2,"name":"EPANEK"}]},{"@type":"WebSite","@id":"https:\/\/captainyannis.com\/fr\/#website","url":"https:\/\/captainyannis.com\/fr\/","name":"Captain Yannis Sailing Trips","description":"One Day Sailin Trip in the Aegean sea","publisher":{"@id":"https:\/\/captainyannis.com\/fr\/#organization"},"potentialAction":[{"@type":"SearchAction","target":{"@type":"EntryPoint","urlTemplate":"https:\/\/captainyannis.com\/fr\/?s={search_term_string}"},"query-input":{"@type":"PropertyValueSpecification","valueRequired":true,"valueName":"search_term_string"}}],"inLanguage":"fr-FR"},{"@type":"Organization","@id":"https:\/\/captainyannis.com\/fr\/#organization","name":"Captain Yannis One-day Sailing Trips","url":"https:\/\/captainyannis.com\/fr\/","logo":{"@type":"ImageObject","inLanguage":"fr-FR","@id":"https:\/\/captainyannis.com\/fr\/#\/schema\/logo\/image\/","url":"https:\/\/captainyannis.com\/wp-content\/uploads\/2021\/03\/captain-yannis-x2.png","contentUrl":"https:\/\/captainyannis.com\/wp-content\/uploads\/2021\/03\/captain-yannis-x2.png","width":410,"height":120,"caption":"Captain Yannis One-day Sailing Trips"},"image":{"@id":"https:\/\/captainyannis.com\/fr\/#\/schema\/logo\/image\/"},"sameAs":["https:\/\/www.facebook.com\/captainyannis","https:\/\/www.youtube.com\/channel\/UCm7BA-gavmre5snEYgvTVqQ"]}]}},"_links":{"self":[{"href":"https:\/\/captainyannis.com\/fr\/wp-json\/wp\/v2\/pages\/15850","targetHints":{"allow":["GET"]}}],"collection":[{"href":"https:\/\/captainyannis.com\/fr\/wp-json\/wp\/v2\/pages"}],"about":[{"href":"https:\/\/captainyannis.com\/fr\/wp-json\/wp\/v2\/types\/page"}],"author":[{"embeddable":true,"href":"https:\/\/captainyannis.com\/fr\/wp-json\/wp\/v2\/users\/1"}],"replies":[{"embeddable":true,"href":"https:\/\/captainyannis.com\/fr\/wp-json\/wp\/v2\/comments?post=15850"}],"version-history":[{"count":3,"href":"https:\/\/captainyannis.com\/fr\/wp-json\/wp\/v2\/pages\/15850\/revisions"}],"predecessor-version":[{"id":15853,"href":"https:\/\/captainyannis.com\/fr\/wp-json\/wp\/v2\/pages\/15850\/revisions\/15853"}],"wp:attachment":[{"href":"https:\/\/captainyannis.com\/fr\/wp-json\/wp\/v2\/media?parent=15850"}],"curies":[{"name":"wp","href":"https:\/\/api.w.org\/{rel}","templated":true}]}}