{"id":15894,"date":"2021-03-27T11:54:42","date_gmt":"2021-03-27T09:54:42","guid":{"rendered":"https:\/\/captainyannis.com\/faire-une-reservation\/"},"modified":"2023-06-15T10:20:14","modified_gmt":"2023-06-15T07:20:14","slug":"faire-une-reservation","status":"publish","type":"page","link":"https:\/\/captainyannis.com\/fr\/faire-une-reservation\/","title":{"rendered":"Faire une r\u00e9servation"},"content":{"rendered":"<p><div class=\"fusion-fullwidth fullwidth-box fusion-builder-row-1 fusion-flex-container nonhundred-percent-fullwidth non-hundred-percent-height-scrolling\" style=\"--awb-background-position:left top;--awb-border-sizes-top:0px;--awb-border-sizes-bottom:0px;--awb-border-sizes-left:0px;--awb-border-sizes-right:0px;--awb-border-radius-top-left:0px;--awb-border-radius-top-right:0px;--awb-border-radius-bottom-right:0px;--awb-border-radius-bottom-left:0px;--awb-padding-top:70px;--awb-padding-bottom:75px;--awb-flex-wrap:wrap;\" ><div class=\"fusion-builder-row fusion-row fusion-flex-align-items-flex-start fusion-flex-content-wrap\" style=\"max-width:1216.8px;margin-left: calc(-4% \/ 2 );margin-right: calc(-4% \/ 2 );\"><div class=\"fusion-layout-column fusion_builder_column fusion-builder-column-0 fusion_builder_column_1_2 1_2 fusion-flex-column\" style=\"--awb-bg-size:cover;--awb-width-large:50%;--awb-margin-top-large:0px;--awb-spacing-right-large:3.84%;--awb-margin-bottom-large:20px;--awb-spacing-left-large:3.84%;--awb-width-medium:100%;--awb-spacing-right-medium:1.92%;--awb-spacing-left-medium:1.92%;--awb-width-small:100%;--awb-spacing-right-small:1.92%;--awb-spacing-left-small:1.92%;\"><div class=\"fusion-column-wrapper fusion-flex-justify-content-flex-start fusion-content-layout-column\"><div class=\"fusion-text fusion-text-1\"><p>Envoyez-nous un message ou appelez-nous et nous prendrons le temps de vous conna\u00eetre afin de vous aider \u00e0 trouver votre merveilleuse aventure.<\/p>\n<\/div><ul style=\"--awb-line-height:23.8px;--awb-icon-width:23.8px;--awb-icon-height:23.8px;--awb-icon-margin:9.8px;--awb-content-margin:33.6px;--awb-circlecolor:#1a80b6;--awb-circle-yes-font-size:12.32px;\" class=\"fusion-checklist fusion-checklist-1 fusion-checklist-default type-icons\"><li class=\"fusion-li-item\" style=\"\"><span class=\"icon-wrapper circle-yes\"><i class=\"fusion-li-icon fa-phone-alt fas\" aria-hidden=\"true\"><\/i><\/span><div class=\"fusion-li-item-content\">\n<p>Mobile : <a href=\"tel:+306972714951\">+30 6972 714 951<\/a><\/p>\n<\/div><\/li><li class=\"fusion-li-item\" style=\"\"><span class=\"icon-wrapper circle-yes\"><i class=\"fusion-li-icon fa-whatsapp-square fab\" aria-hidden=\"true\"><\/i><\/span><div class=\"fusion-li-item-content\">WhatsApp : <a href=\"https:\/\/wa.me\/306972714951\">+30 6972714 951<\/a><\/div><\/li><\/ul><div class=\"fusion-separator fusion-full-width-sep\" style=\"align-self: center;margin-left: auto;margin-right: auto;margin-top:10px;margin-bottom:10px;width:100%;\"><div class=\"fusion-separator-border sep-single sep-solid\" style=\"--awb-height:20px;--awb-amount:20px;border-color:#e0dede;border-top-width:1px;\"><\/div><\/div><div class=\"fusion-title title fusion-title-1 fusion-title-text fusion-title-size-two\" style=\"--awb-margin-bottom:20px;--awb-margin-top-small:0px;--awb-margin-right-small:0px;--awb-margin-bottom-small:20px;--awb-margin-left-small:0px;--awb-font-size:26px;\"><div class=\"title-sep-container title-sep-container-left fusion-no-large-visibility fusion-no-medium-visibility fusion-no-small-visibility\"><div class=\"title-sep sep- sep-solid\" style=\"border-color:#e0dede;\"><\/div><\/div><span class=\"awb-title-spacer fusion-no-large-visibility fusion-no-medium-visibility fusion-no-small-visibility\"><\/span><h2 class=\"fusion-title-heading title-heading-left fusion-responsive-typography-calculated\" style=\"margin:0;font-size:1em;--fontSize:26;line-height:1.36;\">Contactez-nous<\/h2><span class=\"awb-title-spacer\"><\/span><div class=\"title-sep-container title-sep-container-right\"><div class=\"title-sep sep- sep-solid\" style=\"border-color:#e0dede;\"><\/div><\/div><\/div>\n<div class=\"wpcf7 no-js\" id=\"wpcf7-f15858-o1\" lang=\"fr-FR\" dir=\"ltr\" data-wpcf7-id=\"15858\">\n<div class=\"screen-reader-response\"><p role=\"status\" aria-live=\"polite\" aria-atomic=\"true\"><\/p> <ul><\/ul><\/div>\n<form action=\"\/fr\/wp-json\/wp\/v2\/pages\/15894#wpcf7-f15858-o1\" method=\"post\" class=\"wpcf7-form init\" aria-label=\"Formulaire de contact\" novalidate=\"novalidate\" data-status=\"init\">\n<fieldset class=\"hidden-fields-container\"><input type=\"hidden\" name=\"_wpcf7\" value=\"15858\" \/><input type=\"hidden\" name=\"_wpcf7_version\" value=\"6.1.5\" \/><input type=\"hidden\" name=\"_wpcf7_locale\" value=\"fr_FR\" \/><input type=\"hidden\" name=\"_wpcf7_unit_tag\" value=\"wpcf7-f15858-o1\" \/><input type=\"hidden\" name=\"_wpcf7_container_post\" value=\"0\" \/><input type=\"hidden\" name=\"_wpcf7_posted_data_hash\" value=\"\" \/>\n<\/fieldset>\n<div class=\"wpcf7-turnstile cf-turnstile\" data-sitekey=\"0x4AAAAAACK1M1aCuD9eNaS-\" data-response-field-name=\"_wpcf7_turnstile_response\"><\/div>\n\n<fieldset>\n\t<p><label for=\"your-name\">Votre nom (obligatoire)<\/label><br \/>\n<span class=\"wpcf7-form-control-wrap\" data-name=\"your-name\"><input size=\"40\" maxlength=\"400\" class=\"wpcf7-form-control wpcf7-text wpcf7-validates-as-required\" id=\"your-name\" aria-required=\"true\" aria-invalid=\"false\" value=\"\" type=\"text\" name=\"your-name\" \/><\/span>\n\t<\/p>\n\t<p><label for=\"your-email\">Votre E-mail (obligatoire)<\/label><br \/>\n<span class=\"wpcf7-form-control-wrap\" data-name=\"your-email\"><input size=\"40\" maxlength=\"400\" class=\"wpcf7-form-control wpcf7-email wpcf7-validates-as-required wpcf7-text wpcf7-validates-as-email\" id=\"your-email\" aria-required=\"true\" aria-invalid=\"false\" value=\"\" type=\"email\" name=\"your-email\" \/><\/span>\n\t<\/p>\n\t<p><label for=\"your-subject\">Votre sujet<\/label><br \/>\n<span class=\"wpcf7-form-control-wrap\" data-name=\"your-subject\"><input size=\"40\" maxlength=\"400\" class=\"wpcf7-form-control wpcf7-text\" id=\"your-subject\" aria-invalid=\"false\" value=\"\" type=\"text\" name=\"your-subject\" \/><\/span>\n\t<\/p>\n\t<p>Choisissez votre bateau pr\u00e9f\u00e9r\u00e9<br \/>\n<span class=\"wpcf7-form-control-wrap\" data-name=\"your-boat\"><span class=\"wpcf7-form-control wpcf7-checkbox\" id=\"your-boat\"><span class=\"wpcf7-list-item first\"><label><input type=\"checkbox\" name=\"your-boat[]\" value=\"Ka\u00efki Agios Georgios\" \/><span class=\"wpcf7-list-item-label\">Ka\u00efki Agios Georgios<\/span><\/label><\/span><span class=\"wpcf7-list-item last\"><label><input type=\"checkbox\" name=\"your-boat[]\" value=\"Catamaran FILIPPOS&lt;br&gt;\" \/><span class=\"wpcf7-list-item-label\">Catamaran FILIPPOS&lt;br&gt;<\/span><\/label><\/span><\/span><\/span>\n\t<\/p>\n\t<p>Choisissez votre croisi\u00e8re pr\u00e9f\u00e9r\u00e9e<br \/>\n<span class=\"wpcf7-form-control-wrap\" data-name=\"your-cruise\"><span class=\"wpcf7-form-control wpcf7-checkbox\" id=\"your-cruise\"><span class=\"wpcf7-list-item first\"><label><input type=\"checkbox\" name=\"your-cruise[]\" value=\"1-day cruise\" \/><span class=\"wpcf7-list-item-label\">1-day cruise<\/span><\/label><\/span><span class=\"wpcf7-list-item\"><label><input type=\"checkbox\" name=\"your-cruise[]\" value=\"3-day cruise\" \/><span class=\"wpcf7-list-item-label\">3-day cruise<\/span><\/label><\/span><span class=\"wpcf7-list-item last\"><label><input type=\"checkbox\" name=\"your-cruise[]\" value=\"1-week cruise&lt;br&gt;\" \/><span class=\"wpcf7-list-item-label\">1-week cruise&lt;br&gt;<\/span><\/label><\/span><\/span><\/span>\n\t<\/p>\n\t<p>Vous pr\u00e9f\u00e9rez une croisi\u00e8re r\u00e9guli\u00e8re, priv\u00e9e ou semi-priv\u00e9e ?<br \/>\n<span class=\"wpcf7-form-control-wrap\" data-name=\"your-type\"><span class=\"wpcf7-form-control wpcf7-checkbox\" id=\"your-type\"><span class=\"wpcf7-list-item first\"><label><input type=\"checkbox\" name=\"your-type[]\" value=\"Croisi\u00e8re programm\u00e9e\" \/><span class=\"wpcf7-list-item-label\">Croisi\u00e8re programm\u00e9e<\/span><\/label><\/span><span class=\"wpcf7-list-item\"><label><input type=\"checkbox\" name=\"your-type[]\" value=\"Croisi\u00e8re priv\u00e9e\" \/><span class=\"wpcf7-list-item-label\">Croisi\u00e8re priv\u00e9e<\/span><\/label><\/span><span class=\"wpcf7-list-item last\"><label><input type=\"checkbox\" name=\"your-type[]\" value=\"Croisi\u00e8re semi-priv\u00e9e&lt;br&gt;\" \/><span class=\"wpcf7-list-item-label\">Croisi\u00e8re semi-priv\u00e9e&lt;br&gt;<\/span><\/label><\/span><\/span><\/span>\n\t<\/p>\n\t<p><label for=\"your-dates\">La plage de dates \u00e0 laquelle vous souhaitez participer \u00e0 l'une de nos croisi\u00e8res :<\/label><br \/>\n<label for=\"\">Du <span class=\"wpcf7-form-control-wrap\" data-name=\"date-start\"><input class=\"wpcf7-form-control wpcf7-date wpcf7-validates-as-date\" id=\"date-start\" aria-invalid=\"false\" value=\"\" type=\"date\" name=\"date-start\" \/><\/span><\/label><br \/>\n<label for=\"\">Au <span class=\"wpcf7-form-control-wrap\" data-name=\"date-end\"><input class=\"wpcf7-form-control wpcf7-date wpcf7-validates-as-date\" id=\"date-end\" aria-invalid=\"false\" value=\"\" type=\"date\" name=\"date-end\" \/><\/span><\/label>\n\t<\/p>\n\t<p><label for=\"your-message\">Votre message<\/label><br \/>\n<span class=\"wpcf7-form-control-wrap\" data-name=\"your-message\"><textarea cols=\"40\" rows=\"10\" maxlength=\"2000\" class=\"wpcf7-form-control wpcf7-textarea\" id=\"your-message\" aria-invalid=\"false\" name=\"your-message\"><\/textarea><\/span>\n\t<\/p>\n<\/fieldset>\n<p><input class=\"wpcf7-form-control wpcf7-submit has-spinner\" type=\"submit\" value=\"Envoyer\" \/>\n<\/p><p style=\"display: none !important;\" class=\"akismet-fields-container\" data-prefix=\"_wpcf7_ak_\"><label>&#916;<textarea name=\"_wpcf7_ak_hp_textarea\" cols=\"45\" rows=\"8\" maxlength=\"100\"><\/textarea><\/label><input type=\"hidden\" id=\"ak_js_1\" name=\"_wpcf7_ak_js\" value=\"178\"\/><script>document.getElementById( \"ak_js_1\" ).setAttribute( \"value\", ( new Date() ).getTime() );<\/script><\/p><div class=\"fusion-alert alert custom alert-custom fusion-alert-center wpcf7-response-output fusion-alert-capitalize awb-alert-native-link-color alert-dismissable awb-alert-close-boxed\" style=\"--awb-border-top-left-radius:0px;--awb-border-top-right-radius:0px;--awb-border-bottom-left-radius:0px;--awb-border-bottom-right-radius:0px;\" role=\"alert\"><div class=\"fusion-alert-content-wrapper\"><span class=\"fusion-alert-content\"><\/span><\/div><button type=\"button\" class=\"close toggle-alert\" data-dismiss=\"alert\" aria-label=\"Close\">&times;<\/button><\/div>\n<\/form>\n<\/div>\n<\/div><\/div><div class=\"fusion-layout-column fusion_builder_column fusion-builder-column-1 fusion_builder_column_1_2 1_2 fusion-flex-column\" style=\"--awb-bg-size:cover;--awb-width-large:50%;--awb-margin-top-large:0px;--awb-spacing-right-large:3.84%;--awb-margin-bottom-large:20px;--awb-spacing-left-large:3.84%;--awb-width-medium:100%;--awb-spacing-right-medium:1.92%;--awb-spacing-left-medium:1.92%;--awb-width-small:100%;--awb-spacing-right-small:1.92%;--awb-spacing-left-small:1.92%;\"><div class=\"fusion-column-wrapper fusion-flex-justify-content-flex-start fusion-content-layout-column\"><div class=\"fusion-widget fusion-widget-element fusion-widget-area fusion-content-widget-area wpWidget-1 wpsbc_widget_calendar\" style=\"--awb-fusion-border-size:0px;--awb-fusion-border-style:solid;\"><\/div><\/div><\/div><\/div><\/div><div class=\"fusion-fullwidth fullwidth-box fusion-builder-row-2 fusion-flex-container hundred-percent-fullwidth non-hundred-percent-height-scrolling\" style=\"--awb-background-position:left top;--awb-border-sizes-top:0px;--awb-border-sizes-bottom:0px;--awb-border-sizes-left:0px;--awb-border-sizes-right:0px;--awb-border-radius-top-left:0px;--awb-border-radius-top-right:0px;--awb-border-radius-bottom-right:0px;--awb-border-radius-bottom-left:0px;--awb-padding-top:0px;--awb-padding-right:0px;--awb-padding-bottom:0px;--awb-padding-left:0px;--awb-flex-wrap:wrap;\" ><div class=\"fusion-builder-row fusion-row fusion-flex-align-items-flex-start fusion-flex-content-wrap\" style=\"width:calc( 100% + 0px ) !important;max-width:calc( 100% + 0px ) !important;margin-left: calc(-0px \/ 2 );margin-right: calc(-0px \/ 2 );\"><div class=\"fusion-layout-column fusion_builder_column fusion-builder-column-2 fusion_builder_column_1_1 1_1 fusion-flex-column fusion-flex-align-self-flex-start fusion-column-no-min-height\" style=\"--awb-bg-size:cover;--awb-width-large:100%;--awb-margin-top-large:0px;--awb-spacing-right-large:0px;--awb-margin-bottom-large:0px;--awb-spacing-left-large:0px;--awb-width-medium:100%;--awb-spacing-right-medium:0px;--awb-spacing-left-medium:0px;--awb-width-small:100%;--awb-spacing-right-small:0px;--awb-spacing-left-small:0px;\"><div class=\"fusion-column-wrapper fusion-flex-justify-content-flex-start fusion-content-layout-column\">\t\t\t\t\t<script type=\"text\/javascript\">\n\t\t\t\t\t\tvar map_fusion_map_69d59f866a7b0;\n\t\t\t\t\t\tvar markers = [];\n\t\t\t\t\t\tvar counter = 0;\n\t\t\t\t\t\t\t\t\t\t\t\t\t\t\t\t\t\t\t\tvar fusionMapNonce = '04e4dff0f3';\n\t\t\t\t\t\t\t\t\t\t\t\tfunction fusion_run_map_fusion_map_69d59f866a7b0() {\n\t\t\t\t\t\t\tjQuery ('#fusion_map_69d59f866a7b0' ).fusion_maps( {\n\t\t\t\t\t\t\t\taddresses: [{\"address\":\"37.033720109158764, 25.25980047241554\",\"infobox_content\":\"\",\"marker\":\"\\\/wp-content\\\/uploads\\\/2021\\\/05\\\/map.png\",\"coordinates\":true,\"latitude\":\"37.033720109158764\",\"longitude\":\" 25.25980047241554\",\"cache\":true,\"geocoded_address\":\"Paros, Pisso Livadi, Piso Livadi, Greece\"}],\n\t\t\t\t\t\t\t\tanimations: true,\n\t\t\t\t\t\t\t\tinfobox_background_color: 'rgba(102,102,164,.8)',\n\t\t\t\t\t\t\t\tinfobox_styling: 'sur mesure',\n\t\t\t\t\t\t\t\tinfobox_text_color: '#ffffff',\n\t\t\t\t\t\t\t\tmap_style: 'custom',\n\t\t\t\t\t\t\t\tmap_type: 'roadmap',\n\t\t\t\t\t\t\t\tmarker_icon: '\/wp-content\/uploads\/2021\/05\/map.png',\n\t\t\t\t\t\t\t\toverlay_color: '#6666a4',\n\t\t\t\t\t\t\t\toverlay_color_hsl: {\"hue\":240,\"sat\":25,\"lum\":52},\n\t\t\t\t\t\t\t\tshow_address: false,\n\t\t\t\t\t\t\t\tscale_control: false,\n\t\t\t\t\t\t\t\tscrollwheel: false,\n\t\t\t\t\t\t\t\tzoom: 15,\n\t\t\t\t\t\t\t\tzoom_control: false,\n\t\t\t\t\t\t\t} );\n\t\t\t\t\t\t}\n\n\t\t\t\t\t\tgoogle.maps.event.addDomListener(window, 'load', fusion_run_map_fusion_map_69d59f866a7b0);\n\t\t\t\t\t<\/script>\n\t\t\t\t\t<div class=\"shortcode-map fusion-google-map fusion-maps-js-type\" style=\"--awb-height:700px;\" id=\"fusion_map_69d59f866a7b0\"><\/div><\/div><\/div><\/div><\/div><\/p>\n","protected":false},"excerpt":{"rendered":"","protected":false},"author":1,"featured_media":0,"parent":0,"menu_order":0,"comment_status":"closed","ping_status":"closed","template":"100-width.php","meta":{"footnotes":""},"class_list":["post-15894","page","type-page","status-publish","hentry"],"yoast_head":"<!-- This site is optimized with the Yoast SEO plugin v27.3 - https:\/\/yoast.com\/product\/yoast-seo-wordpress\/ -->\n<title>Faire une r\u00e9servation - Captain Yannis Sailing Trips<\/title>\n<meta name=\"description\" content=\"Envoyez-nous un message ou appelez-nous et nous prendrons le temps de vous conna\u00eetre afin de vous aider \u00e0 trouver votre merveilleuse aventure.\" \/>\n<meta name=\"robots\" content=\"index, follow, max-snippet:-1, max-image-preview:large, max-video-preview:-1\" \/>\n<link rel=\"canonical\" href=\"https:\/\/captainyannis.com\/fr\/faire-une-reservation\/\" \/>\n<meta property=\"og:locale\" content=\"fr_FR\" \/>\n<meta property=\"og:type\" content=\"article\" \/>\n<meta property=\"og:title\" content=\"Faire une r\u00e9servation - Captain Yannis Sailing Trips\" \/>\n<meta property=\"og:description\" content=\"Envoyez-nous un message ou appelez-nous et nous prendrons le temps de vous conna\u00eetre afin de vous aider \u00e0 trouver votre merveilleuse aventure.\" \/>\n<meta property=\"og:url\" content=\"https:\/\/captainyannis.com\/fr\/faire-une-reservation\/\" \/>\n<meta property=\"og:site_name\" content=\"Captain Yannis Sailing Trips\" \/>\n<meta property=\"article:publisher\" content=\"https:\/\/www.facebook.com\/captainyannis\" \/>\n<meta property=\"article:modified_time\" content=\"2023-06-15T07:20:14+00:00\" \/>\n<meta property=\"og:image\" content=\"https:\/\/captainyannis.com\/wp-content\/uploads\/2021\/03\/image_1.jpg\" \/>\n<meta name=\"twitter:card\" content=\"summary_large_image\" \/>\n<meta name=\"twitter:label1\" content=\"Dur\u00e9e de lecture estim\u00e9e\" \/>\n\t<meta name=\"twitter:data1\" content=\"4 minutes\" \/>\n<script type=\"application\/ld+json\" class=\"yoast-schema-graph\">{\"@context\":\"https:\\\/\\\/schema.org\",\"@graph\":[{\"@type\":\"WebPage\",\"@id\":\"https:\\\/\\\/captainyannis.com\\\/fr\\\/faire-une-reservation\\\/\",\"url\":\"https:\\\/\\\/captainyannis.com\\\/fr\\\/faire-une-reservation\\\/\",\"name\":\"Faire une r\u00e9servation - Captain Yannis Sailing Trips\",\"isPartOf\":{\"@id\":\"https:\\\/\\\/captainyannis.com\\\/fr\\\/#website\"},\"datePublished\":\"2021-03-27T09:54:42+00:00\",\"dateModified\":\"2023-06-15T07:20:14+00:00\",\"description\":\"Envoyez-nous un message ou appelez-nous et nous prendrons le temps de vous conna\u00eetre afin de vous aider \u00e0 trouver votre merveilleuse aventure.\",\"breadcrumb\":{\"@id\":\"https:\\\/\\\/captainyannis.com\\\/fr\\\/faire-une-reservation\\\/#breadcrumb\"},\"inLanguage\":\"fr-FR\",\"potentialAction\":[{\"@type\":\"ReadAction\",\"target\":[\"https:\\\/\\\/captainyannis.com\\\/fr\\\/faire-une-reservation\\\/\"]}]},{\"@type\":\"BreadcrumbList\",\"@id\":\"https:\\\/\\\/captainyannis.com\\\/fr\\\/faire-une-reservation\\\/#breadcrumb\",\"itemListElement\":[{\"@type\":\"ListItem\",\"position\":1,\"name\":\"Captain Yannis\",\"item\":\"https:\\\/\\\/captainyannis.com\\\/fr\\\/paros-navigation-croisieres-du-captain-yannis\\\/\"},{\"@type\":\"ListItem\",\"position\":2,\"name\":\"Faire une r\u00e9servation\"}]},{\"@type\":\"WebSite\",\"@id\":\"https:\\\/\\\/captainyannis.com\\\/fr\\\/#website\",\"url\":\"https:\\\/\\\/captainyannis.com\\\/fr\\\/\",\"name\":\"Captain Yannis Sailing Trips\",\"description\":\"One Day Sailin Trip in the Aegean sea\",\"publisher\":{\"@id\":\"https:\\\/\\\/captainyannis.com\\\/fr\\\/#organization\"},\"potentialAction\":[{\"@type\":\"SearchAction\",\"target\":{\"@type\":\"EntryPoint\",\"urlTemplate\":\"https:\\\/\\\/captainyannis.com\\\/fr\\\/?s={search_term_string}\"},\"query-input\":{\"@type\":\"PropertyValueSpecification\",\"valueRequired\":true,\"valueName\":\"search_term_string\"}}],\"inLanguage\":\"fr-FR\"},{\"@type\":\"Organization\",\"@id\":\"https:\\\/\\\/captainyannis.com\\\/fr\\\/#organization\",\"name\":\"Captain Yannis One-day Sailing Trips\",\"url\":\"https:\\\/\\\/captainyannis.com\\\/fr\\\/\",\"logo\":{\"@type\":\"ImageObject\",\"inLanguage\":\"fr-FR\",\"@id\":\"https:\\\/\\\/captainyannis.com\\\/fr\\\/#\\\/schema\\\/logo\\\/image\\\/\",\"url\":\"https:\\\/\\\/captainyannis.com\\\/wp-content\\\/uploads\\\/2021\\\/03\\\/captain-yannis-x2.png\",\"contentUrl\":\"https:\\\/\\\/captainyannis.com\\\/wp-content\\\/uploads\\\/2021\\\/03\\\/captain-yannis-x2.png\",\"width\":410,\"height\":120,\"caption\":\"Captain Yannis One-day Sailing Trips\"},\"image\":{\"@id\":\"https:\\\/\\\/captainyannis.com\\\/fr\\\/#\\\/schema\\\/logo\\\/image\\\/\"},\"sameAs\":[\"https:\\\/\\\/www.facebook.com\\\/captainyannis\",\"https:\\\/\\\/www.youtube.com\\\/channel\\\/UCm7BA-gavmre5snEYgvTVqQ\"]}]}<\/script>\n<!-- \/ Yoast SEO plugin. -->","yoast_head_json":{"title":"Faire une r\u00e9servation - Captain Yannis Sailing Trips","description":"Envoyez-nous un message ou appelez-nous et nous prendrons le temps de vous conna\u00eetre afin de vous aider \u00e0 trouver votre merveilleuse aventure.","robots":{"index":"index","follow":"follow","max-snippet":"max-snippet:-1","max-image-preview":"max-image-preview:large","max-video-preview":"max-video-preview:-1"},"canonical":"https:\/\/captainyannis.com\/fr\/faire-une-reservation\/","og_locale":"fr_FR","og_type":"article","og_title":"Faire une r\u00e9servation - Captain Yannis Sailing Trips","og_description":"Envoyez-nous un message ou appelez-nous et nous prendrons le temps de vous conna\u00eetre afin de vous aider \u00e0 trouver votre merveilleuse aventure.","og_url":"https:\/\/captainyannis.com\/fr\/faire-une-reservation\/","og_site_name":"Captain Yannis Sailing Trips","article_publisher":"https:\/\/www.facebook.com\/captainyannis","article_modified_time":"2023-06-15T07:20:14+00:00","og_image":[{"url":"https:\/\/captainyannis.com\/wp-content\/uploads\/2021\/03\/image_1.jpg","type":"","width":"","height":""}],"twitter_card":"summary_large_image","twitter_misc":{"Dur\u00e9e de lecture estim\u00e9e":"4 minutes"},"schema":{"@context":"https:\/\/schema.org","@graph":[{"@type":"WebPage","@id":"https:\/\/captainyannis.com\/fr\/faire-une-reservation\/","url":"https:\/\/captainyannis.com\/fr\/faire-une-reservation\/","name":"Faire une r\u00e9servation - Captain Yannis Sailing Trips","isPartOf":{"@id":"https:\/\/captainyannis.com\/fr\/#website"},"datePublished":"2021-03-27T09:54:42+00:00","dateModified":"2023-06-15T07:20:14+00:00","description":"Envoyez-nous un message ou appelez-nous et nous prendrons le temps de vous conna\u00eetre afin de vous aider \u00e0 trouver votre merveilleuse aventure.","breadcrumb":{"@id":"https:\/\/captainyannis.com\/fr\/faire-une-reservation\/#breadcrumb"},"inLanguage":"fr-FR","potentialAction":[{"@type":"ReadAction","target":["https:\/\/captainyannis.com\/fr\/faire-une-reservation\/"]}]},{"@type":"BreadcrumbList","@id":"https:\/\/captainyannis.com\/fr\/faire-une-reservation\/#breadcrumb","itemListElement":[{"@type":"ListItem","position":1,"name":"Captain Yannis","item":"https:\/\/captainyannis.com\/fr\/paros-navigation-croisieres-du-captain-yannis\/"},{"@type":"ListItem","position":2,"name":"Faire une r\u00e9servation"}]},{"@type":"WebSite","@id":"https:\/\/captainyannis.com\/fr\/#website","url":"https:\/\/captainyannis.com\/fr\/","name":"Captain Yannis Sailing Trips","description":"One Day Sailin Trip in the Aegean sea","publisher":{"@id":"https:\/\/captainyannis.com\/fr\/#organization"},"potentialAction":[{"@type":"SearchAction","target":{"@type":"EntryPoint","urlTemplate":"https:\/\/captainyannis.com\/fr\/?s={search_term_string}"},"query-input":{"@type":"PropertyValueSpecification","valueRequired":true,"valueName":"search_term_string"}}],"inLanguage":"fr-FR"},{"@type":"Organization","@id":"https:\/\/captainyannis.com\/fr\/#organization","name":"Captain Yannis One-day Sailing Trips","url":"https:\/\/captainyannis.com\/fr\/","logo":{"@type":"ImageObject","inLanguage":"fr-FR","@id":"https:\/\/captainyannis.com\/fr\/#\/schema\/logo\/image\/","url":"https:\/\/captainyannis.com\/wp-content\/uploads\/2021\/03\/captain-yannis-x2.png","contentUrl":"https:\/\/captainyannis.com\/wp-content\/uploads\/2021\/03\/captain-yannis-x2.png","width":410,"height":120,"caption":"Captain Yannis One-day Sailing Trips"},"image":{"@id":"https:\/\/captainyannis.com\/fr\/#\/schema\/logo\/image\/"},"sameAs":["https:\/\/www.facebook.com\/captainyannis","https:\/\/www.youtube.com\/channel\/UCm7BA-gavmre5snEYgvTVqQ"]}]}},"_links":{"self":[{"href":"https:\/\/captainyannis.com\/fr\/wp-json\/wp\/v2\/pages\/15894","targetHints":{"allow":["GET"]}}],"collection":[{"href":"https:\/\/captainyannis.com\/fr\/wp-json\/wp\/v2\/pages"}],"about":[{"href":"https:\/\/captainyannis.com\/fr\/wp-json\/wp\/v2\/types\/page"}],"author":[{"embeddable":true,"href":"https:\/\/captainyannis.com\/fr\/wp-json\/wp\/v2\/users\/1"}],"replies":[{"embeddable":true,"href":"https:\/\/captainyannis.com\/fr\/wp-json\/wp\/v2\/comments?post=15894"}],"version-history":[{"count":2,"href":"https:\/\/captainyannis.com\/fr\/wp-json\/wp\/v2\/pages\/15894\/revisions"}],"predecessor-version":[{"id":15896,"href":"https:\/\/captainyannis.com\/fr\/wp-json\/wp\/v2\/pages\/15894\/revisions\/15896"}],"wp:attachment":[{"href":"https:\/\/captainyannis.com\/fr\/wp-json\/wp\/v2\/media?parent=15894"}],"curies":[{"name":"wp","href":"https:\/\/api.w.org\/{rel}","templated":true}]}}